{"id":942,"date":"2024-05-16T06:49:33","date_gmt":"2024-05-16T06:49:33","guid":{"rendered":"https:\/\/wp.es.jo\/joudiinternational\/?page_id=942"},"modified":"2024-06-04T12:01:40","modified_gmt":"2024-06-04T12:01:40","slug":"mado-cafe","status":"publish","type":"page","link":"https:\/\/joudiinternational.com\/ar\/mado-cafe\/","title":{"rendered":"\u0645\u0642\u0647\u0649 \u0645\u0627\u062f\u0648"},"content":{"rendered":"<div data-elementor-type=\"wp-page\" data-elementor-id=\"942\" class=\"elementor elementor-942\">\n\t\t\t\t\t\t<section class=\"elementor-section elementor-top-section elementor-element elementor-element-703c90d elementor-section-boxed elementor-section-height-default elementor-section-height-default\" data-id=\"703c90d\" data-element_type=\"section\">\n\t\t\t\t\t\t<div class=\"elementor-container elementor-column-gap-default\">\n\t\t\t\t\t<div class=\"elementor-column elementor-col-100 elementor-top-column elementor-element elementor-element-2e8fc36\" data-id=\"2e8fc36\" data-element_type=\"column\">\n\t\t\t<div class=\"elementor-widget-wrap elementor-element-populated\">\n\t\t\t\t\t\t<div class=\"elementor-element elementor-element-47621e3 elementor-align-left elementor-widget elementor-widget-about-page-header\" data-id=\"47621e3\" data-element_type=\"widget\" data-widget_type=\"about-page-header.default\">\n\t\t\t\t<div class=\"elementor-widget-container\">\n\t\t\t\t\t\r\n\t\t\t\t<div class=\"pages-hero\" style=\"background-image: url(https:\/\/shtheme.org\/demosd\/agroly\/wp-content\/uploads\/2020\/12\/pages-bg.jpg);\">\r\n\t\t\r\n\t\t\t<div class=\"container\">\r\n\r\n\t\t\t\t<div class=\"pages-title\">\r\n\r\n\t\t\t\t\t\t\t\t\t\t<h1>\u0645\u0642\u0647\u0649 \u0645\u0627\u062f\u0648<\/h1>\r\n\t\t\t\t\t\r\n\t\t\t\t\t<div class=\"page-nav\">\r\n\r\n\t\t\t\t\t\t\t\t\t\t\t\t\t<p><a href=\"https:\/\/joudiinternational.com\/ar\/\">\u0627\u0644\u0631\u0626\u064a\u0633\u064a\u0629<\/a> &nbsp; | &nbsp; <a>\u0645\u0642\u0647\u0649 \u0645\u0627\u062f\u0648<\/a><\/p>\r\n\t\t\t\t\t\t\r\n\t\t\t\t\t<\/div>\r\n\r\n\t\t\t\t<\/div>\r\n\r\n\t\t\t<\/div>  \r\n\r\n\t\t<\/div>\r\n\r\n\t\t\t\t\t<\/div>\n\t\t\t\t<\/div>\n\t\t\t\t\t<\/div>\n\t\t<\/div>\n\t\t\t\t\t<\/div>\n\t\t<\/section>\n\t\t\t\t<section class=\"elementor-section elementor-top-section elementor-element elementor-element-8ee3838 elementor-section-boxed elementor-section-height-default elementor-section-height-default\" data-id=\"8ee3838\" data-element_type=\"section\" data-settings=\"{&quot;background_background&quot;:&quot;classic&quot;}\">\n\t\t\t\t\t\t\t<div class=\"elementor-background-overlay\"><\/div>\n\t\t\t\t\t\t\t<div class=\"elementor-container elementor-column-gap-default\">\n\t\t\t\t\t<div class=\"elementor-column elementor-col-100 elementor-top-column elementor-element elementor-element-784b4af\" data-id=\"784b4af\" data-element_type=\"column\">\n\t\t\t<div class=\"elementor-widget-wrap elementor-element-populated\">\n\t\t\t\t\t\t<div class=\"elementor-element elementor-element-5823ef5 elementor-widget elementor-widget-heading\" data-id=\"5823ef5\" data-element_type=\"widget\" data-widget_type=\"heading.default\">\n\t\t\t\t<div class=\"elementor-widget-container\">\n\t\t\t\t\t<h2 class=\"elementor-heading-title elementor-size-default\">\u0645\u0627\u062f\u0648 \n<\/h2>\t\t\t\t<\/div>\n\t\t\t\t<\/div>\n\t\t\t\t<div class=\"elementor-element elementor-element-d862196 elementor-widget elementor-widget-text-editor\" data-id=\"d862196\" data-element_type=\"widget\" data-widget_type=\"text-editor.default\">\n\t\t\t\t<div class=\"elementor-widget-container\">\n\t\t\t\t\t\t\t\t\t<p>\u0645\u0642\u0647\u0649 \u0648\u0645\u0637\u0639\u0645 \u0645\u0627\u062f\u0648 \u0647\u0648 \u0627\u0645\u062a\u064a\u0627\u0632 \u062a\u0631\u0643\u064a \u0645\u062a\u0639\u062f\u062f \u0627\u0644\u062c\u0646\u0633\u064a\u0627\u062a \u0645\u0634\u0647\u0648\u0631 \u0639\u0627\u0644\u0645\u064a\u064b\u0627 \u0628\u0622\u064a\u0633 \u0643\u0631\u064a\u0645\u0647 \u0648\u0645\u0623\u0643\u0648\u0644\u0627\u062a\u0647 \u0627\u0644\u062a\u0631\u0643\u064a\u0629 \u0627\u0644\u062a\u0642\u0644\u064a\u062f\u064a\u0629.<\/p><p>\u062a\u062a\u0645\u062a\u0639 \u0645\u0627\u062f\u0648 \u0628\u062a\u0627\u0631\u064a\u062e \u063a\u0646\u064a \u062d\u064a\u062b \u062a\u0623\u0633\u0633\u062a \u0641\u064a \u0639\u0627\u0645 1850 \u0639\u0644\u0649 \u064a\u062f \u064a\u0627\u0634\u0627\u0631 \u0643\u0627\u0646\u0628\u0648\u0631 \u0643\u0645\u062a\u062c\u0631 \u0622\u064a\u0633 \u0643\u0631\u064a\u0645 \u062a\u0631\u0643\u064a \u062a\u0642\u0644\u064a\u062f\u064a \u0648\u0627\u0644\u0630\u064a \u0623\u0635\u0628\u062d \u0641\u064a\u0645\u0627 \u0628\u0639\u062f \u0633\u0644\u0633\u0644\u0629 \u0641\u064a \u0639\u0627\u0645 1991 \u0648\u062a\u0639\u0645\u0644 \u0627\u0644\u0622\u0646 \u0641\u064a 30 \u062f\u0648\u0644\u0629.<\/p><p>\u062d\u0635\u0644\u062a \u0627\u0644\u0639\u0644\u0627\u0645\u0629 \u0627\u0644\u062a\u062c\u0627\u0631\u064a\u0629 \u0639\u0644\u0649 \u0627\u0633\u0645\u0647\u0627 \u0645\u0646 \u0643\u0644\u0645\u062a\u064a\u0646: \"Mara\u015f\"\u060c \u0627\u0644\u0627\u0633\u0645 \u0627\u0644\u0633\u0627\u0628\u0642 \u0644\u0644\u0645\u062f\u064a\u0646\u0629 \u0627\u0644\u062a\u064a \u0646\u0634\u0623\u062a \u0641\u064a\u0647\u0627 \u0627\u0644\u0634\u0631\u0643\u0629\u061b \u0648\"Dondurma\"\u060c \u0648\u0647\u0648 \u0627\u0644\u0622\u064a\u0633 \u0643\u0631\u064a\u0645 \u0627\u0644\u062a\u0631\u0643\u064a.\u00a0<\/p><p><br \/>\u062a\u0645 \u0625\u0637\u0644\u0627\u0642 \u0623\u0648\u0644 \u0641\u0631\u0639 \u0644\u0634\u0631\u0643\u0629 \u0645\u0627\u062f\u0648 \u0641\u064a \u0627\u0644\u0639\u0631\u0627\u0642 \u0641\u064a \u0639\u0627\u0645 2015 \u0641\u064a \u0628\u063a\u062f\u0627\u062f \u0648\u0628\u0639\u062f \u0625\u0637\u0644\u0627\u0642\u0647 \u0627\u0644\u0646\u0627\u062c\u062d \u062a\u0645 \u0627\u0641\u062a\u062a\u0627\u062d 5 \u0641\u0631\u0648\u0639 \u0623\u062e\u0631\u0649 \u0628\u0646\u062c\u0627\u062d \u0641\u064a \u062c\u0645\u064a\u0639 \u0623\u0646\u062d\u0627\u0621 \u0627\u0644\u0639\u0631\u0627\u0642 \u0628\u0639\u062f \u0641\u062a\u0631\u0629 \u0648\u062c\u064a\u0632\u0629.<\/p><p>\u0648\u0645\u0646 \u0627\u0644\u0645\u0642\u0631\u0631 \u062d\u0627\u0644\u064a\u0627\u064b \u0627\u0641\u062a\u062a\u0627\u062d 4 \u0641\u0631\u0648\u0639 \u0623\u062e\u0631\u0649 \u0628\u062d\u0644\u0648\u0644 \u0639\u0627\u0645 2025 \u0644\u064a\u0635\u0628\u062d \u0625\u062c\u0645\u0627\u0644\u064a \u0639\u062f\u062f \u0641\u0631\u0648\u0639 \u0645\u0627\u062f\u0648 10 \u0645\u0637\u0627\u0639\u0645 \u0641\u064a \u062c\u0645\u064a\u0639 \u0623\u0646\u062d\u0627\u0621 \u0627\u0644\u0639\u0631\u0627\u0642.<\/p>\t\t\t\t\t\t\t\t<\/div>\n\t\t\t\t<\/div>\n\t\t\t\t\t<\/div>\n\t\t<\/div>\n\t\t\t\t\t<\/div>\n\t\t<\/section>\n\t\t\t\t<section class=\"elementor-section elementor-top-section elementor-element elementor-element-5f75297 elementor-section-boxed elementor-section-height-default elementor-section-height-default\" data-id=\"5f75297\" data-element_type=\"section\">\n\t\t\t\t\t\t<div class=\"elementor-container elementor-column-gap-default\">\n\t\t\t\t\t<div class=\"elementor-column elementor-col-100 elementor-top-column elementor-element elementor-element-c864987\" data-id=\"c864987\" data-element_type=\"column\">\n\t\t\t<div class=\"elementor-widget-wrap elementor-element-populated\">\n\t\t\t\t\t\t<div class=\"elementor-element elementor-element-7a9e3a7 gallery-spacing-custom elementor-widget elementor-widget-image-gallery\" data-id=\"7a9e3a7\" data-element_type=\"widget\" data-widget_type=\"image-gallery.default\">\n\t\t\t\t<div class=\"elementor-widget-container\">\n\t\t\t\t\t\t\t<div class=\"elementor-image-gallery\">\n\t\t\t\n\t\t<style type=\"text\/css\">\n\t\t\t#gallery-1 {\n\t\t\t\tmargin: auto;\n\t\t\t}\n\t\t\t#gallery-1 .gallery-item {\n\t\t\t\tfloat: left;\n\t\t\t\tmargin-top: 10px;\n\t\t\t\ttext-align: center;\n\t\t\t\twidth: 33%;\n\t\t\t}\n\t\t\t#gallery-1 img {\n\t\t\t\tborder: 2px solid #cfcfcf;\n\t\t\t}\n\t\t\t#gallery-1 .gallery-caption {\n\t\t\t\tmargin-left: 0;\n\t\t\t}\n\t\t\t\/* see gallery_shortcode() in wp-includes\/media.php *\/\n\t\t<\/style>\n\t\t<div id='gallery-1' class='gallery galleryid-942 gallery-columns-3 gallery-size-full'><dl class='gallery-item'>\n\t\t\t<dt class='gallery-icon portrait'>\n\t\t\t\t<a data-elementor-open-lightbox=\"yes\" data-elementor-lightbox-slideshow=\"7a9e3a7\" data-elementor-lightbox-title=\"mado (5)\" data-e-action-hash=\"#elementor-action%3Aaction%3Dlightbox%26settings%3DeyJpZCI6MTE2NSwidXJsIjoiaHR0cHM6XC9cL2pvdWRpaW50ZXJuYXRpb25hbC5jb21cL3dwLWNvbnRlbnRcL3VwbG9hZHNcLzIwMjRcLzA2XC9tYWRvLTUuanBlZyIsInNsaWRlc2hvdyI6IjdhOWUzYTcifQ%3D%3D\" href='https:\/\/joudiinternational.com\/wp-content\/uploads\/2024\/06\/mado-5.jpeg'><img fetchpriority=\"high\" decoding=\"async\" width=\"960\" height=\"1280\" src=\"https:\/\/joudiinternational.com\/wp-content\/uploads\/2024\/06\/mado-5.jpeg\" class=\"attachment-full size-full\" alt=\"\" srcset=\"https:\/\/joudiinternational.com\/wp-content\/uploads\/2024\/06\/mado-5.jpeg 960w, https:\/\/joudiinternational.com\/wp-content\/uploads\/2024\/06\/mado-5-225x300.jpeg 225w, https:\/\/joudiinternational.com\/wp-content\/uploads\/2024\/06\/mado-5-768x1024.jpeg 768w\" sizes=\"(max-width: 960px) 100vw, 960px\" \/><\/a>\n\t\t\t<\/dt><\/dl><dl class='gallery-item'>\n\t\t\t<dt class='gallery-icon portrait'>\n\t\t\t\t<a data-elementor-open-lightbox=\"yes\" data-elementor-lightbox-slideshow=\"7a9e3a7\" data-elementor-lightbox-title=\"mado (2)\" data-e-action-hash=\"#elementor-action%3Aaction%3Dlightbox%26settings%3DeyJpZCI6MTE3MCwidXJsIjoiaHR0cHM6XC9cL2pvdWRpaW50ZXJuYXRpb25hbC5jb21cL3dwLWNvbnRlbnRcL3VwbG9hZHNcLzIwMjRcLzA2XC9tYWRvLTIuanBlZyIsInNsaWRlc2hvdyI6IjdhOWUzYTcifQ%3D%3D\" href='https:\/\/joudiinternational.com\/wp-content\/uploads\/2024\/06\/mado-2.jpeg'><img decoding=\"async\" width=\"960\" height=\"1280\" src=\"https:\/\/joudiinternational.com\/wp-content\/uploads\/2024\/06\/mado-2.jpeg\" class=\"attachment-full size-full\" alt=\"\" srcset=\"https:\/\/joudiinternational.com\/wp-content\/uploads\/2024\/06\/mado-2.jpeg 960w, https:\/\/joudiinternational.com\/wp-content\/uploads\/2024\/06\/mado-2-225x300.jpeg 225w, https:\/\/joudiinternational.com\/wp-content\/uploads\/2024\/06\/mado-2-768x1024.jpeg 768w\" sizes=\"(max-width: 960px) 100vw, 960px\" \/><\/a>\n\t\t\t<\/dt><\/dl><dl class='gallery-item'>\n\t\t\t<dt class='gallery-icon portrait'>\n\t\t\t\t<a data-elementor-open-lightbox=\"yes\" data-elementor-lightbox-slideshow=\"7a9e3a7\" data-elementor-lightbox-title=\"mado (1)\" data-e-action-hash=\"#elementor-action%3Aaction%3Dlightbox%26settings%3DeyJpZCI6MTE3MSwidXJsIjoiaHR0cHM6XC9cL2pvdWRpaW50ZXJuYXRpb25hbC5jb21cL3dwLWNvbnRlbnRcL3VwbG9hZHNcLzIwMjRcLzA2XC9tYWRvLTEuanBlZyIsInNsaWRlc2hvdyI6IjdhOWUzYTcifQ%3D%3D\" href='https:\/\/joudiinternational.com\/wp-content\/uploads\/2024\/06\/mado-1.jpeg'><img decoding=\"async\" width=\"960\" height=\"1280\" src=\"https:\/\/joudiinternational.com\/wp-content\/uploads\/2024\/06\/mado-1.jpeg\" class=\"attachment-full size-full\" alt=\"\" srcset=\"https:\/\/joudiinternational.com\/wp-content\/uploads\/2024\/06\/mado-1.jpeg 960w, https:\/\/joudiinternational.com\/wp-content\/uploads\/2024\/06\/mado-1-225x300.jpeg 225w, https:\/\/joudiinternational.com\/wp-content\/uploads\/2024\/06\/mado-1-768x1024.jpeg 768w\" sizes=\"(max-width: 960px) 100vw, 960px\" \/><\/a>\n\t\t\t<\/dt><\/dl><br style=\"clear: both\" \/>\n\t\t<\/div>\n\t\t<\/div>\n\t\t\t\t\t\t<\/div>\n\t\t\t\t<\/div>\n\t\t\t\t\t<\/div>\n\t\t<\/div>\n\t\t\t\t\t<\/div>\n\t\t<\/section>\n\t\t\t\t<section class=\"elementor-section elementor-top-section elementor-element elementor-element-dd777a9 elementor-section-boxed elementor-section-height-default elementor-section-height-default\" data-id=\"dd777a9\" data-element_type=\"section\">\n\t\t\t\t\t\t<div class=\"elementor-container elementor-column-gap-default\">\n\t\t\t\t\t<div class=\"elementor-column elementor-col-100 elementor-top-column elementor-element elementor-element-9eb2452\" data-id=\"9eb2452\" data-element_type=\"column\">\n\t\t\t<div class=\"elementor-widget-wrap elementor-element-populated\">\n\t\t\t\t\t\t<div class=\"elementor-element elementor-element-d683492 elementor-widget elementor-widget-heading\" data-id=\"d683492\" data-element_type=\"widget\" data-widget_type=\"heading.default\">\n\t\t\t\t<div class=\"elementor-widget-container\">\n\t\t\t\t\t<h2 class=\"elementor-heading-title elementor-size-default\">\u0645\u0639\u0631\u0636 \u0627\u0644\u0641\u064a\u062f\u064a\u0648<\/h2>\t\t\t\t<\/div>\n\t\t\t\t<\/div>\n\t\t\t\t<section class=\"elementor-section elementor-inner-section elementor-element elementor-element-e6b4395 elementor-section-boxed elementor-section-height-default elementor-section-height-default\" data-id=\"e6b4395\" data-element_type=\"section\">\n\t\t\t\t\t\t<div class=\"elementor-container elementor-column-gap-default\">\n\t\t\t\t\t<div class=\"elementor-column elementor-col-50 elementor-inner-column elementor-element elementor-element-281b7c3\" data-id=\"281b7c3\" data-element_type=\"column\">\n\t\t\t<div class=\"elementor-widget-wrap elementor-element-populated\">\n\t\t\t\t\t\t<div class=\"elementor-element elementor-element-80a9049 elementor-widget elementor-widget-video\" data-id=\"80a9049\" data-element_type=\"widget\" data-settings=\"{&quot;youtube_url&quot;:&quot;https:\\\/\\\/youtu.be\\\/RfR6yz_pQXk&quot;,&quot;video_type&quot;:&quot;youtube&quot;,&quot;controls&quot;:&quot;yes&quot;}\" data-widget_type=\"video.default\">\n\t\t\t\t<div class=\"elementor-widget-container\">\n\t\t\t\t\t\t\t<div class=\"elementor-wrapper elementor-open-inline\">\n\t\t\t<div class=\"elementor-video\"><\/div>\t\t<\/div>\n\t\t\t\t\t\t<\/div>\n\t\t\t\t<\/div>\n\t\t\t\t\t<\/div>\n\t\t<\/div>\n\t\t\t\t<div class=\"elementor-column elementor-col-50 elementor-inner-column elementor-element elementor-element-42480bd\" data-id=\"42480bd\" data-element_type=\"column\">\n\t\t\t<div class=\"elementor-widget-wrap elementor-element-populated\">\n\t\t\t\t\t\t<div class=\"elementor-element elementor-element-86d8e48 elementor-widget elementor-widget-video\" data-id=\"86d8e48\" data-element_type=\"widget\" data-settings=\"{&quot;youtube_url&quot;:&quot;https:\\\/\\\/youtu.be\\\/dfKiGY0PN3A&quot;,&quot;video_type&quot;:&quot;youtube&quot;,&quot;controls&quot;:&quot;yes&quot;}\" data-widget_type=\"video.default\">\n\t\t\t\t<div class=\"elementor-widget-container\">\n\t\t\t\t\t\t\t<div class=\"elementor-wrapper elementor-open-inline\">\n\t\t\t<div class=\"elementor-video\"><\/div>\t\t<\/div>\n\t\t\t\t\t\t<\/div>\n\t\t\t\t<\/div>\n\t\t\t\t\t<\/div>\n\t\t<\/div>\n\t\t\t\t\t<\/div>\n\t\t<\/section>\n\t\t\t\t\t<\/div>\n\t\t<\/div>\n\t\t\t\t\t<\/div>\n\t\t<\/section>\n\t\t\t\t<\/div>","protected":false},"excerpt":{"rendered":"<p>Mado caf\u00e9 Home &nbsp; | &nbsp; Mado caf\u00e9 Mado Mado caf\u00e9 and restaurant is a world famous multinational Turkish franchise well known for its ice cream and traditional Turkish cuisine. Mado has a rich history and was founded in 1850 by Yasar Kanbur as a traditional Turkish ice cream shop which later became a chain [&hellip;]<\/p>","protected":false},"author":1,"featured_media":0,"parent":0,"menu_order":0,"comment_status":"closed","ping_status":"closed","template":"page-templates\/home.php","meta":{"inline_featured_image":false,"footnotes":""},"class_list":["post-942","page","type-page","status-publish","hentry"],"_links":{"self":[{"href":"https:\/\/joudiinternational.com\/ar\/wp-json\/wp\/v2\/pages\/942","targetHints":{"allow":["GET"]}}],"collection":[{"href":"https:\/\/joudiinternational.com\/ar\/wp-json\/wp\/v2\/pages"}],"about":[{"href":"https:\/\/joudiinternational.com\/ar\/wp-json\/wp\/v2\/types\/page"}],"author":[{"embeddable":true,"href":"https:\/\/joudiinternational.com\/ar\/wp-json\/wp\/v2\/users\/1"}],"replies":[{"embeddable":true,"href":"https:\/\/joudiinternational.com\/ar\/wp-json\/wp\/v2\/comments?post=942"}],"version-history":[{"count":40,"href":"https:\/\/joudiinternational.com\/ar\/wp-json\/wp\/v2\/pages\/942\/revisions"}],"predecessor-version":[{"id":1295,"href":"https:\/\/joudiinternational.com\/ar\/wp-json\/wp\/v2\/pages\/942\/revisions\/1295"}],"wp:attachment":[{"href":"https:\/\/joudiinternational.com\/ar\/wp-json\/wp\/v2\/media?parent=942"}],"curies":[{"name":"wp","href":"https:\/\/api.w.org\/{rel}","templated":true}]}}